{"id":6469,"date":"2023-07-26T07:57:38","date_gmt":"2023-07-26T07:57:38","guid":{"rendered":"https:\/\/www.monnq.com\/?post_type=product&#038;p=6469"},"modified":"2024-07-11T08:50:12","modified_gmt":"2024-07-11T08:50:12","slug":"monnq-duffle-bag-stefano-french-navy","status":"publish","type":"product","link":"https:\/\/www.monnq.com\/nl\/monnq-duffle-bag-stefano-french-navy\/","title":{"rendered":"Monnq Duffle Bag Stefano French Navy"},"content":{"rendered":"<p>De Monnq Duffle Bag Stefano, jouw perfecte reisgenoot voor elk avontuur. Met afmetingen van 28 cm x 55 cm x 32 cm, zorgt deze ruime duffle bag ervoor dat je al je spullen moeiteloos kunt inpakken. De tas is gemaakt van gerecycled polyester, waardoor het een duurzame en milieuvriendelijke keuze is. De tas heeft \u00e9\u00e9n groot hoofdcompartiment met een ritssluiting. Daarnaast zijn er twee handige zakken &#8211; \u00e9\u00e9n aan de voorkant en \u00e9\u00e9n aan de achterkant &#8211; waardoor je je spullen georganiseerd en gemakkelijk toegankelijk kunt houden. Binnenin de tas vind je een gewatteerd laptopcompartiment, speciaal ontworpen om veilig een 15,6-inch laptop op te bergen. De schouderriem van de tas is verstelbaar en afneembaar, waardoor je de tas op verschillende manieren gemakkelijk kunt dragen.<\/p>\n","protected":false},"excerpt":{"rendered":"<p>De Monnq Duffle Bag Stefano, jouw perfecte reisgenoot voor elk avontuur. Met afmetingen van 28 cm x 55 cm x 32 cm, zorgt deze ruime duffle bag ervoor dat je al je spullen moeiteloos kunt inpakken. De tas is gemaakt van gerecycled polyester, waardoor het een duurzame en milieuvriendelijke keuze is. De tas heeft \u00e9\u00e9n [&hellip;]<\/p>\n","protected":false},"featured_media":37758,"comment_status":"closed","ping_status":"closed","template":"","meta":{"_acf_changed":false},"product_brand":[],"product_cat":[507,171,439],"product_tag":[],"class_list":{"0":"post-6469","1":"product","2":"type-product","3":"status-publish","4":"has-post-thumbnail","6":"product_cat-sale-nl","7":"product_cat-tassen","8":"product_cat-weekendtas","9":"pa_compartment-een-hoofdvak-met-rits","10":"pa_front-pocket-voorvak-met-rits","11":"pa_gender-dames","12":"pa_gender-heren","13":"pa_hardware-rits","14":"pa_inner-compartment-gewatteerd-laptopvak","15":"pa_inner-compartment-twee-steekzakken","16":"pa_laptop-pocket-15-6-inch-nl","17":"pa_material-rpet-nl","18":"pa_shoulderstrap-verstelbare-en-afneembare-schouderband","20":"first","21":"instock","22":"taxable","23":"shipping-taxable","24":"purchasable","25":"product-type-simple"},"acf":[],"_links":{"self":[{"href":"https:\/\/www.monnq.com\/nl\/wp-json\/wp\/v2\/product\/6469","targetHints":{"allow":["GET"]}}],"collection":[{"href":"https:\/\/www.monnq.com\/nl\/wp-json\/wp\/v2\/product"}],"about":[{"href":"https:\/\/www.monnq.com\/nl\/wp-json\/wp\/v2\/types\/product"}],"replies":[{"embeddable":true,"href":"https:\/\/www.monnq.com\/nl\/wp-json\/wp\/v2\/comments?post=6469"}],"wp:featuredmedia":[{"embeddable":true,"href":"https:\/\/www.monnq.com\/nl\/wp-json\/wp\/v2\/media\/37758"}],"wp:attachment":[{"href":"https:\/\/www.monnq.com\/nl\/wp-json\/wp\/v2\/media?parent=6469"}],"wp:term":[{"taxonomy":"product_brand","embeddable":true,"href":"https:\/\/www.monnq.com\/nl\/wp-json\/wp\/v2\/product_brand?post=6469"},{"taxonomy":"product_cat","embeddable":true,"href":"https:\/\/www.monnq.com\/nl\/wp-json\/wp\/v2\/product_cat?post=6469"},{"taxonomy":"product_tag","embeddable":true,"href":"https:\/\/www.monnq.com\/nl\/wp-json\/wp\/v2\/product_tag?post=6469"}],"curies":[{"name":"wp","href":"https:\/\/api.w.org\/{rel}","templated":true}]}}